{"id":12,"date":"2010-06-13T13:21:16","date_gmt":"2010-06-13T13:21:16","guid":{"rendered":"http:\/\/www.depotblog.de\/?page_id=12"},"modified":"2020-12-26T23:28:40","modified_gmt":"2020-12-26T21:28:40","slug":"depot","status":"publish","type":"page","link":"https:\/\/www.depotblog.de\/?page_id=12","title":{"rendered":"wikifolio Nebenwerte"},"content":{"rendered":"<hr \/>\n<p><a href=\"https:\/\/www.wikifolio.com\/de\/de\/dashboard\" target=\"_blank\" rel=\"noopener noreferrer\">Wikifolio<\/a>, eine Social Investor Community, hat vielen Tradern die M\u00f6glichkeit verschafft in Zusammenarbeit mit der Wertpapierhandelsbank Lang &amp; Schwarz Indexzertifikate zu entwickeln, die eine Depotentwicklung ihrer Trader nachbilden. Auch an meinem Depot bei Wikifolio l\u00e4sst sich partizipieren.<\/p>\n<h2 style=\"text-align: center;\"><a href=\"https:\/\/www.wikifolio.com\/de\/de\/w\/wfgebauer1\" target=\"_blank\" rel=\"noopener\">Wikifolio Nebenwerte Aktiv<\/a><\/h2>\n<p>&nbsp;<\/p>\n<p>&nbsp;<\/p>\n<p><a href=\"https:\/\/www.wikifolio.com\/de\/de\/w\/wfgebauer1\" target=\"_blank\" rel=\"noopener\"><img fetchpriority=\"high\" decoding=\"async\" class=\"size-full wp-image-4773 aligncenter\" src=\"https:\/\/www.depotblog.de\/wp-content\/uploads\/2019\/06\/nebenwerte_aktiv.png\" alt=\"\" width=\"1174\" height=\"605\" srcset=\"https:\/\/www.depotblog.de\/wp-content\/uploads\/2019\/06\/nebenwerte_aktiv.png 1174w, https:\/\/www.depotblog.de\/wp-content\/uploads\/2019\/06\/nebenwerte_aktiv-300x155.png 300w, https:\/\/www.depotblog.de\/wp-content\/uploads\/2019\/06\/nebenwerte_aktiv-768x396.png 768w, https:\/\/www.depotblog.de\/wp-content\/uploads\/2019\/06\/nebenwerte_aktiv-700x361.png 700w\" sizes=\"(max-width: 1174px) 100vw, 1174px\" \/><\/a><\/p>\n<p>&nbsp;<\/p>\n<p>&nbsp;<\/p>\n<p><strong>Mein Handelsansatz: <\/strong><\/p>\n<p>Das Wikifolio &#8222;Nebenwerte Aktiv&#8220; soll in kleine und mittelgro\u00dfe Deutsche Unternehmen investieren, sg. small- und mid-caps. Wesentliches Kriterium f\u00fcr die Auswahl der Aktien ist ein sich abzeichnender institutioneller Nachfrage\u00fcberhang, der mit Hilfe von Computerprogrammen t\u00e4glich identifiziert werden soll. Es wird nach grundlegenden Ver\u00e4nderungen der Bewertungslage gesucht, nach Wendepunkten (Pivots), die eine Neubewertung zur Folge haben.<\/p>\n<p>Es soll \u00fcberwiegendi n besonders wachstumsstarke Unternehmen investiert werden, d.h. Unternehmen mit steigenden Ums\u00e4tzen und\/oder Margen. Die Gewichtung der Aktien im Wikifolio geschieht anhand der St\u00e4rke der Aktie im Depotvergleich, d.h. die besonders zuwachsstarken Aktien sollen durch Umschichtungen jederzeit vergr\u00f6\u00dfert werden k\u00f6nnen.<\/p>\n<p>Die Basis meines Vorteils an den M\u00e4rkten ist jedoch nicht die Identifikation der interessanten Aktion sondern die Prinzipien der Risikominimierung. Meine Verkaufsregeln erm\u00f6glichen mir schnell Positionen schlie\u00dfen zu k\u00f6nnen, falls Aktien unerwartet korrigieren oder die Gesamtaktienmarktlage allgemein negativ wird. Meine Handelsentscheidungen werden von eigens entwickelten Computerprogrammen unterst\u00fctzt und helfen mir den Faktor &#8222;Mensch&#8220;, d.h. den Einfluss der Emotionen gr\u00f6\u00dftm\u00f6glich zu minimieren. Mit diesem Ansatz kann ich Verlustphasen minimieren, insbesondere wenn der Gesamtmarkt in einer Korrekturphase ist.<\/p>\n<p>&nbsp;<\/p>\n<p><strong>Handelsstil<\/strong><\/p>\n<p>Ich halte aussichtsreiche Aktien i.d.R. \u00fcber mehrere Wochen oder Monate, bin aber jederzeit bereit auszusteigen oder die Gewichtung anzupassen. In saisonal starken Monaten bin ich m\u00f6glichst zu 100% investiert, in saisonal schwachen Monaten fahre ich meinen Investionsgrad zur\u00fcck. Ich halte aus diversifikationsgr\u00fcnden oft ca. 10 Aktien im Portfolio und versuche insbesondere die starken Aktien hoch zu gewichten. Kursziele gibt es keine, denn auch in \u00dcbertreibungsphasen will ich noch mit im Boot sitzen.<\/p>\n<p>&nbsp;<\/p>\n<p><strong>Was mache ich anders?<\/strong><\/p>\n<ul>\n<li>Ich interessiere mich f\u00fcr Aktien, die einen Nachfrage\u00fcberhang durch Institutionen haben.<\/li>\n<li>Ich interessiere mich nicht f\u00fcr die Gesch\u00e4ftsberichte der Unternehmen, wohl aber f\u00fcr die Interpretation dieser vom Markt.<\/li>\n<li>Ich interessiere mich f\u00fcr stark wachsende Unternehmen und kaufe diese bevorzugt. Die Aktie und der Gesch\u00e4ftsvorteil des Unternehmens interessiert mich so lange, bis ein Ereignis auftritt, welches dazu f\u00fchrt, dass der Gesamtmarkt die Aktie wieder negativ bewertet.<\/li>\n<li>Ich interessiere mich nicht f\u00fcr Prognosen oder langfristige Perspektiven von Unternehmen aufgrund von irgendwelchen Analysteneinsch\u00e4tzungen oder \u00e4hnlichem.<\/li>\n<li>Ich interessiere mich f\u00fcr dagegen f\u00fcr zweistelliges Wachstum von Ums\u00e4tzen, Gewinnen und Verk\u00e4ufen (Sales).<\/li>\n<li>Ich interessiere mich nicht f\u00fcr Indikatoren (RSI, MACD usw.) oder fundamentale Bewertungskennzahlen wie KGV (P\/E-Ratio), KBV oder \u00e4hnliche.<\/li>\n<li>Ich halte grunds\u00e4tzlich jede Aktie f\u00fcr schlecht und potentiell gef\u00e4hrlich . Sie ist wie eine hei\u00dfe Kartoffel, an der man sich schnell die H\u00e4nde verbrennen kann. Die Aktie ist nur so lange gut, wie sie steigt.<\/li>\n<li>Ich bin kein Langfristanleger aber auch kein Kurzfristanleger. Ich versuche Aktien zu kaufen, die gerade in Bewegung kommen und wei\u00df, dass ich die Bewegung m\u00f6glichst lange mitreiten muss.<\/li>\n<li>Ich bin Trend-Follower von stark wachsenden Unternehmen in wachsenden Trend-Segmenten.<\/li>\n<\/ul>\n<p>&nbsp;<\/p>\n<p><strong>Wann wird eine Aktie interessant f\u00fcr die Aufnahme ins Wikifolio?<\/strong><\/p>\n<p>Ich halte Ausschau nach Aktien, die sich durch folgende Kriterien kennzeichnen:<\/p>\n<ol>\n<li>Es zeigt sich ein extrem hohes institutionelles Interesse<\/li>\n<li>Die Aktie besitzt sehr gute fundamentale Wachstumskennzahlen (Umsatzwachstum Y\/Y + Margenwachstum Y\/Y)<\/li>\n<li>Die Aktie kommt aus einer Konsolidierungsformation und\/oder generiert neue H\u00f6chstst\u00e4nde<\/li>\n<\/ol>\n<p>&nbsp;<\/p>\n<p><strong>Was f\u00fchrt zum Verkauf der Aktien im Wikifolio?<\/strong><\/p>\n<p>Der Verkauf der Aktie hat i.d.R. folgende Gr\u00fcnde<\/p>\n<ul>\n<li>Sie entwickelt sich schwach im Vergleich zu anderen Werten im Depot. Ich verkaufe dann um Cash frei zu machen oder starke Aktien aufzustocken<\/li>\n<li>Das Unternehmen pr\u00e4sentiert Quartalszahlen, die vom Markt als schwach aufgefasst werden<\/li>\n<li>Der Aktienkurs durchbricht Unterst\u00fctzungspunkte(\/-kurse) unter hohem Volumen.<\/li>\n<li>Der Markt korrigiert.<\/li>\n<li>Gewinnmitnahme um Cash frei zu machen.<\/li>\n<\/ul>\n<p>&nbsp;<\/p>\n<p>&#8212;-<br \/>\n<a href=\"https:\/\/www.wikifolio.com\/de\/de\/w\/wfgebauer1\" target=\"_blank\" rel=\"noopener\">Informiert Euch \u00fcber das Wikifolio beim Anbieter<\/a> und bitte beachtet mein <a href=\"https:\/\/www.depotblog.de\/eine-seite\/\">Impressum <\/a>und den <a href=\"https:\/\/www.depotblog.de\/disclaimer\/\">Disclamer <\/a><\/p>\n<hr \/>\n<p><strong>Haftungsausschuss, w<\/strong><strong>ichtiger\u00a0Hinweis nach \u00a734 WPHG zur Vermeidung von Interessenskonflikten<\/strong>:<\/p>\n<p>Der Autor handelt regelm\u00e4\u00dfig mit den Aktien und Derivaten, die hier im Blog besprochen werden. Das Depot wird mit realem Geld gef\u00fchrt. Ich m\u00f6chte ausdr\u00fccklich darauf hinweisen, dass alle hier besprochenen Anlagem\u00f6glichkeiten ausdr\u00fccklich keine Anlageempfehlung oder -aufforderung darstellen sondern lediglich zu Lern- und Informationszwecken dienen.<\/p>\n<p>Ich \u00fcbernehme keine Haftung f\u00fcr alle hier bereitgestellten Informationen. Sie stellen in keiner Weise einen Aufruf zur individuellen oder allgemeinen Nachbildung, auch nicht stillschweigend, dar. Handelsanregungen\u00a0oder anderweitige Informationen stellen keine Aufforderung zum Kauf oder Verkauf von Wertpapieren oder anderen Finanzprodukten dar. Eine Haftung f\u00fcr mittelbare und unmittelbare Folgen der ver\u00f6ffentlichen Inhalte ist ausgeschlossen.<\/p>\n<p><script src=\"http:\/\/pagead2.googlesyndication.com\/pagead\/show_ads.js\" type=\"mce-text\/javascript\">\/\/ < ![CDATA[\n\/\/ < ![CDATA[\n\/\/ < ![CDATA[ \/\/ ]]><\/script><\/p>\n","protected":false},"excerpt":{"rendered":"<p>Wikifolio, eine Social Investor Community, hat vielen Tradern die M\u00f6glichkeit verschafft in Zusammenarbeit mit der Wertpapierhandelsbank Lang &amp; Schwarz Indexzertifikate zu entwickeln, die eine Depotentwicklung ihrer Trader nachbilden. Auch an meinem Depot bei Wikifolio l\u00e4sst sich partizipieren. Wikifolio Nebenwerte Aktiv &nbsp; &nbsp; &nbsp; &nbsp; Mein Handelsansatz: Das Wikifolio &#8222;Nebenwerte Aktiv&#8220; soll in kleine und mittelgro\u00dfe Deutsche Unternehmen investieren, sg. small- und mid-caps. Wesentliches Kriterium f\u00fcr die Auswahl der Aktien ist ein sich abzeichnender institutioneller Nachfrage\u00fcberhang, <a class=\"more-link\" href=\"https:\/\/www.depotblog.de\/?page_id=12\">Read More &#8230;<\/a><\/p>\n","protected":false},"author":1,"featured_media":0,"parent":0,"menu_order":0,"comment_status":"open","ping_status":"open","template":"","meta":{"footnotes":""},"class_list":["post-12","page","type-page","status-publish","hentry"],"aioseo_notices":[],"_links":{"self":[{"href":"https:\/\/www.depotblog.de\/index.php?rest_route=\/wp\/v2\/pages\/12","targetHints":{"allow":["GET"]}}],"collection":[{"href":"https:\/\/www.depotblog.de\/index.php?rest_route=\/wp\/v2\/pages"}],"about":[{"href":"https:\/\/www.depotblog.de\/index.php?rest_route=\/wp\/v2\/types\/page"}],"author":[{"embeddable":true,"href":"https:\/\/www.depotblog.de\/index.php?rest_route=\/wp\/v2\/users\/1"}],"replies":[{"embeddable":true,"href":"https:\/\/www.depotblog.de\/index.php?rest_route=%2Fwp%2Fv2%2Fcomments&post=12"}],"version-history":[{"count":65,"href":"https:\/\/www.depotblog.de\/index.php?rest_route=\/wp\/v2\/pages\/12\/revisions"}],"predecessor-version":[{"id":5151,"href":"https:\/\/www.depotblog.de\/index.php?rest_route=\/wp\/v2\/pages\/12\/revisions\/5151"}],"wp:attachment":[{"href":"https:\/\/www.depotblog.de\/index.php?rest_route=%2Fwp%2Fv2%2Fmedia&parent=12"}],"curies":[{"name":"wp","href":"https:\/\/api.w.org\/{rel}","templated":true}]}}