{"id":145,"date":"2010-07-21T22:33:12","date_gmt":"2010-07-21T20:33:12","guid":{"rendered":"http:\/\/www.depotblog.de\/?page_id=145"},"modified":"2013-07-25T15:28:14","modified_gmt":"2013-07-25T13:28:14","slug":"disclaimer","status":"publish","type":"page","link":"https:\/\/www.depotblog.de\/?page_id=145","title":{"rendered":"Disclaimer"},"content":{"rendered":"<div id=\"post-59\">\n<h2>Disclaimer<\/h2>\n<p align=\"LEFT\"><strong>Hinweis nach \u00a734 WPHG zur Begr\u00fcndung m\u00f6glicher Interessenskonflikte<\/strong>:<\/p>\n<p align=\"LEFT\">Die hier genannten Instrumente stellen keine Anlageberatung und auch keine Aufforderung zum Kauf oder Verkauf von Wertpapieren dar.<br \/>\nWertpapiere, allen voran Aktien Nebenwerte und Derivate, k\u00f6nnen einer hohen Volatilit\u00e4t unterliegen.<br \/>\nDiese kann in einzelnen F\u00e4llen zu erheblichen Verlusten f\u00fchren.<br \/>\nEine Haftung f\u00fcr entstandene Verm\u00f6gensverluste besteht nicht.<\/p>\n<p>Erg\u00e4nzend weise ich daraufhin, dass ich pers\u00f6nlich Positionen in den jeweiligen Gattungen halten und auch jederzeit aufl\u00f6sen kann.<\/p>\n<p align=\"LEFT\">Jederzeit ist der Autor im Wertpapier mit der WKN: LS9BBX investiert.<\/p>\n<div>\n<p><strong>Hyperlinks auf Webseiten Dritter<\/strong><\/p>\n<p>Diese Website enth\u00e4lt m\u00f6glicherweise Hyperlinks auf die Webseiten von Dritten. F\u00fcr die Inhalte dieser Seiten sowie die Nutzung der dort abgebildeten Inhalte sind allein die jeweiligen Betreiber verantwortlich, hierauf habe ich\u00a0keinen Einfluss und \u00fcbernehme daf\u00fcr keine Verantwortung und keine Haftung.<\/p>\n<p><strong>Beitr\u00e4ge von Dritten<\/strong><\/p>\n<p>Soweit sich auf dieser Website Beitr\u00e4ge von Dritten befinden, \u00fcbernehme\u00a0ich daf\u00fcr keine Verantwortung und distanziere\u00a0mich von deren Inhalten. Die Entfernung solcher Beitr\u00e4ge von der Website behalte ich mir\u00a0vor.<\/p>\n<p><strong>Copyright<\/strong><\/p>\n<p>S\u00e4mtliche Rechte an dieser Website ist mir vorbehalten. Die darin enthaltenen Texte, Abbildungen, Animationen, Pr\u00e4sentationen und Videos sowie deren Gestaltung sind mein geistiges Eigentum. Das Kopieren, Verbreiten, Ver\u00e4ndern oder Weitergeben der Inhalte an Dritte, jeweils zu kommerziellen Zwecken, ist nicht gestattet. Die Verwendung s\u00e4mtlicher Inhalte, au\u00dfer zu pers\u00f6nlichen und privaten Zwecken, bedarf der vorherigen schriftlichen Erlaubnis durch uns.<br \/>\n<strong><\/strong><\/p>\n<p><strong>Markenschutz<\/strong><\/p>\n<p>Folgende aufgef\u00fchrte Firmen-, Markennamen und Warenzeichen sind Eigentum der jeweiligen Hersteller und dienen lediglich der eindeutigen Identifikation.<\/p>\n<p>Deutsche B\u00f6rse<sup>\u00ae<\/sup>; FWB<sup>\u00ae<\/sup>; Eurex<sup>\u00ae<\/sup>; Xetra<sup>\u00ae<\/sup>; DAX<sup>\u00ae<\/sup>; MDAX<sup>\u00ae<\/sup>; TecDAX<sup>\u00ae<\/sup>; SDAX<sup>\u00ae<\/sup>; Eurex Bonds<sup>\u00ae<\/sup>; SCHATZ-FUTURE<sup>\u00ae<\/sup> und FDAX<sup>\u00ae<\/sup> sind eingetragene Marken der Deutsche B\u00f6rse AG.<\/p>\n<p>STOXX<sup>\u00ae<\/sup> und Dow Jones EURO STOXX<sup>\u00ae<\/sup> sind Marken der STOXX Limited und\/oder Dow Jones &amp; Company, Inc.<\/p>\n<p>S&amp;P 500<sup>\u00ae<\/sup> ist ein eingetragenes Warenzeichen der The McGraw-Hill Companies, Inc. und wurde zur Verwendung durch die Chicago Mercantile Exchange Inc. lizenziert.<\/p>\n<p>Nasdaq-100<sup>\u00ae<\/sup> ist ein eingetragenes Warenzeichen des Unternehmens The Nasdaq Stock Market, Inc. und wurde zur Verwendung durch die Chicago Mercantile Exchange Inc. lizenziert.<\/p>\n<p>Chicago Mercantile Exchange<sup>\u00ae<\/sup>, CME<sup>\u00ae<\/sup> und GLOBEX<sup>\u00ae<\/sup> sind eingetragene Warenzeichen der Chicago Mercantile Exchange Inc.<\/p>\n<p><strong>Irrt\u00fcmer, \u00c4nderungen und Haftung<\/strong><\/p>\n<p>Die auf dieser Website abgebildeten Grafiken, Bilder, Texte und sonstigen Darstellungen entsprechen meinem Kenntnisstand zum Zeitpunkt der Erstellung. Sp\u00e4tere \u00c4nderungen behalten ich mir vor. Alle Angaben und Quellen werden sorgf\u00e4ltig recherchiert.<br \/>\nDennoch behalte ich mir trotz gr\u00f6\u00dfter Sorgfalt und Pr\u00fcfung einen Irrtum in Bezug auf den Inhalt, insbesondere Zahlenangaben, Kurse und Statistiken, ausdr\u00fccklich vor. Ich schliesse jegliche Haftung f\u00fcr Sch\u00e4den, die direkt oder indirekt aus der Benutzung dieser Website entstehen, aus.<\/p>\n<p>F\u00fcr Irrt\u00fcmer \u00fcbernehme\u00a0ich keine Haftung.<\/p>\n<p>Im Falle von Sch\u00e4den aus der Verletzung des Lebens, des K\u00f6rpers oder der Gesundheit sowie von sonstigen Sch\u00e4den, die auf einer vors\u00e4tzlichen oder grob fahrl\u00e4ssigen Pflichtverletzung beruhen, verbleibt es bei der gesetzlichen Regelung.<br \/>\nDie bereitgestellten Informationen stellen zudem keinerlei Form der Handelsempfehlung oder -beratung oder die Empfehlung zur Vorname einer Anlageentscheidung dar. Es wird ausdr\u00fccklich darauf hingewiesen, dass Risiken im Wertpapierhandel mit der jeweiligen Hausbank oder Broker abgestimmt und gekl\u00e4rt werden m\u00fcssen. Meine Informationen ersetzen nicht die Beratung durch einen Anlageberater.<\/p>\n<\/div>\n<\/div>\n<p><a href=\"http:\/\/www1.belboon.de\/adtracking\/02f9860867410219d4003dd2.html\" target=\"_blank\"><img decoding=\"async\" alt=\"\" src=\"http:\/\/www1.belboon.de\/adtracking\/02f9860867410219d4003dd2.img\" width=\"468\" height=\"60\" border=\"0\" \/><\/a><\/p>\n","protected":false},"excerpt":{"rendered":"<p>Disclaimer Hinweis nach \u00a734 WPHG zur Begr\u00fcndung m\u00f6glicher Interessenskonflikte: Die hier genannten Instrumente stellen keine Anlageberatung und auch keine Aufforderung zum Kauf oder Verkauf von Wertpapieren dar. Wertpapiere, allen voran Aktien Nebenwerte und Derivate, k\u00f6nnen einer hohen Volatilit\u00e4t unterliegen. Diese kann in einzelnen F\u00e4llen zu erheblichen Verlusten f\u00fchren. Eine Haftung f\u00fcr entstandene Verm\u00f6gensverluste besteht nicht. Erg\u00e4nzend weise ich daraufhin, dass ich pers\u00f6nlich Positionen in den jeweiligen Gattungen halten und auch jederzeit aufl\u00f6sen kann. Jederzeit ist <a class=\"more-link\" href=\"https:\/\/www.depotblog.de\/?page_id=145\">Read More &#8230;<\/a><\/p>\n","protected":false},"author":1,"featured_media":0,"parent":0,"menu_order":10,"comment_status":"open","ping_status":"open","template":"","meta":{"footnotes":""},"class_list":["post-145","page","type-page","status-publish","hentry"],"aioseo_notices":[],"_links":{"self":[{"href":"https:\/\/www.depotblog.de\/index.php?rest_route=\/wp\/v2\/pages\/145","targetHints":{"allow":["GET"]}}],"collection":[{"href":"https:\/\/www.depotblog.de\/index.php?rest_route=\/wp\/v2\/pages"}],"about":[{"href":"https:\/\/www.depotblog.de\/index.php?rest_route=\/wp\/v2\/types\/page"}],"author":[{"embeddable":true,"href":"https:\/\/www.depotblog.de\/index.php?rest_route=\/wp\/v2\/users\/1"}],"replies":[{"embeddable":true,"href":"https:\/\/www.depotblog.de\/index.php?rest_route=%2Fwp%2Fv2%2Fcomments&post=145"}],"version-history":[{"count":17,"href":"https:\/\/www.depotblog.de\/index.php?rest_route=\/wp\/v2\/pages\/145\/revisions"}],"predecessor-version":[{"id":2487,"href":"https:\/\/www.depotblog.de\/index.php?rest_route=\/wp\/v2\/pages\/145\/revisions\/2487"}],"wp:attachment":[{"href":"https:\/\/www.depotblog.de\/index.php?rest_route=%2Fwp%2Fv2%2Fmedia&parent=145"}],"curies":[{"name":"wp","href":"https:\/\/api.w.org\/{rel}","templated":true}]}}