{"id":172,"date":"2010-07-15T14:44:01","date_gmt":"2010-07-15T12:44:01","guid":{"rendered":"http:\/\/www.depotblog.de\/?page_id=172"},"modified":"2020-12-27T13:59:13","modified_gmt":"2020-12-27T11:59:13","slug":"about-2","status":"publish","type":"page","link":"https:\/\/www.depotblog.de\/?page_id=172","title":{"rendered":"Neu hier?"},"content":{"rendered":"<p><strong>Herzlich Willkommen auf DepotBlog.de<\/strong><\/p>\r\n<p>Servus und moin auf meinem B\u00f6rsenblog DepotBlog.de! Ich freue mich, dass du vorbei schaust. Du findest hier eine Vielzahl an Artikeln \u00fcber meine Wikifolios, \u00fcber das Marktgeschehen und die Lehren, die ich \u00fcber viele, viele Jahre am Markt sammeln konnte.<\/p>\r\n<p><strong>Warum ich hier schreibe.<br \/><\/strong><\/p>\r\n<p>In vielen intensiven und teilweise auch sehr teuren Jahren mit zahlreichen Ups und Downs eignete ich mir autodidaktisch Methodiken an, die es mir erm\u00f6glichen kontinuierlich und reproduzierbar Geld an der B\u00f6rse zu verdienen. Ich m\u00f6chte dich \u00fcber meine Schulter schauen lassen und eine Art &#8222;Mentor&#8220; sein und vor allem die Erfahrungen teilen, damit du es besser machen kannst als ich damals und dir vielleicht die ein oder andere Sackgasse erspart bleibt. Ich m\u00f6chte dir das notwendige Hintergrundwissen f\u00fcr deinen Weg an der B\u00f6rse mitgeben.<\/p>\r\n<p><strong>Ziele.<\/strong><\/p>\r\n<p>Ich stelle offen meinen <strong>markttechnisch orientierten<\/strong> Ansatz vor, der mir und vielleicht auch dir hilft erfolgreich das B\u00f6rsengeschehen zu meistern. Auch du kannst davon profitieren. Sei es durch aktives Investieren in meine Wikifolios, das Nachhandeln und Verstehen der von mir get\u00e4tigten Transaktionen oder durch meine Erl\u00e4uterungen im Abschnitt &#8222;Akademie&#8220;. Gerne kannst du auch Kontakt mit mir aufnehmen.<\/p>\r\n<p><strong>Was dich hier erwartet.<br \/><\/strong><\/p>\r\n<p>Ich teile meine Gedanken, Perspektiven und Strategien und kommentiere sowohl das Marktgeschehen als auch meinen Handel &#8211; vorzugsweise mit Deutschen Nebenwerten, auf die ich mich spezialisiert habe. Dabei m\u00f6chte ich zu 100% transparent und nachvollziehbar sein und dadurch einen Mehrwert f\u00fcr dich bieten, insbesondere wenn du noch auf der Suche nach Unterst\u00fctzung bist.<\/p>\r\n<p><strong>\u00dcber mich:<\/strong><\/p>\r\n<p><img fetchpriority=\"high\" decoding=\"async\" class=\"alignleft size-medium wp-image-2132\" src=\"https:\/\/www.depotblog.de\/wp-content\/uploads\/2010\/07\/luk-225x300.jpg\" alt=\"luk\" width=\"225\" height=\"300\" srcset=\"https:\/\/www.depotblog.de\/wp-content\/uploads\/2010\/07\/luk-225x300.jpg 225w, https:\/\/www.depotblog.de\/wp-content\/uploads\/2010\/07\/luk.jpg 453w\" sizes=\"(max-width: 225px) 100vw, 225px\" \/><\/p>\r\n<p>Mein Name ist Lukas Gebauer, Jahrgang 1981, ich bin Dipl.-Ing. und arbeite fernab der Finanzindustrie.\u00a0 Ich bin leidenschaftlicher B\u00f6rsianer. Der B\u00f6rse habe ich mich seit 2006 verschrieben und so besch\u00e4ftige ich mich sehr intensiv mit dem B\u00f6rsengeschehen &#8211;\u00a0 in erster Linie unter technischen Gesichtspunkten. Dabei handle ich auf eigene Rechnung Aktien und Futures.<\/p>\r\n<p>Mein Tradingansatz basiert auf den Prinzipien von Nicolas Darvas, Wiliam J. O&#8217;Neil, Stan Weinstein und Mark Minervini. Ich handle wachstumsstarke Aktien unter Ber\u00fccksichtigung der Gesamtmarktbedingungen. Dabei bekomme ich automatisiert auf Tagesschlusskursbasis Aktien von meinen selbst entwickelten Programmen vorgeschlagen, die ich bewerte und handle. Ich arbeite t\u00e4glich &#8211; ausnahmslos!<\/p>\r\n<p>Mein Tradingerfolg basiert auf Prinzipien. Professionalismus, Spezialisierung, Risikobegrenzung, Marktorientierung und vor allem Disziplin.<\/p>\r\n<p><strong>Viel Spa\u00df beim Lesen!<\/strong><\/p>\r\n\r\n<p>&nbsp;<\/p>\r\n","protected":false},"excerpt":{"rendered":"<p>Herzlich Willkommen auf DepotBlog.de Servus und moin auf meinem B\u00f6rsenblog DepotBlog.de! Ich freue mich, dass du vorbei schaust. Du findest hier eine Vielzahl an Artikeln \u00fcber meine Wikifolios, \u00fcber das Marktgeschehen und die Lehren, die ich \u00fcber viele, viele Jahre am Markt sammeln konnte. Warum ich hier schreibe. In vielen intensiven und teilweise auch sehr teuren Jahren mit zahlreichen Ups und Downs eignete ich mir autodidaktisch Methodiken an, die es mir erm\u00f6glichen kontinuierlich und reproduzierbar <a class=\"more-link\" href=\"https:\/\/www.depotblog.de\/?page_id=172\">Read More &#8230;<\/a><\/p>\n","protected":false},"author":1,"featured_media":0,"parent":0,"menu_order":0,"comment_status":"open","ping_status":"closed","template":"","meta":{"footnotes":""},"class_list":["post-172","page","type-page","status-publish","hentry"],"aioseo_notices":[],"_links":{"self":[{"href":"https:\/\/www.depotblog.de\/index.php?rest_route=\/wp\/v2\/pages\/172","targetHints":{"allow":["GET"]}}],"collection":[{"href":"https:\/\/www.depotblog.de\/index.php?rest_route=\/wp\/v2\/pages"}],"about":[{"href":"https:\/\/www.depotblog.de\/index.php?rest_route=\/wp\/v2\/types\/page"}],"author":[{"embeddable":true,"href":"https:\/\/www.depotblog.de\/index.php?rest_route=\/wp\/v2\/users\/1"}],"replies":[{"embeddable":true,"href":"https:\/\/www.depotblog.de\/index.php?rest_route=%2Fwp%2Fv2%2Fcomments&post=172"}],"version-history":[{"count":34,"href":"https:\/\/www.depotblog.de\/index.php?rest_route=\/wp\/v2\/pages\/172\/revisions"}],"predecessor-version":[{"id":5169,"href":"https:\/\/www.depotblog.de\/index.php?rest_route=\/wp\/v2\/pages\/172\/revisions\/5169"}],"wp:attachment":[{"href":"https:\/\/www.depotblog.de\/index.php?rest_route=%2Fwp%2Fv2%2Fmedia&parent=172"}],"curies":[{"name":"wp","href":"https:\/\/api.w.org\/{rel}","templated":true}]}}