{"id":4859,"date":"2020-12-23T17:08:47","date_gmt":"2020-12-23T15:08:47","guid":{"rendered":"http:\/\/www.depotblog.de\/?page_id=4859"},"modified":"2020-12-28T18:55:15","modified_gmt":"2020-12-28T16:55:15","slug":"wikifolio-saisonal","status":"publish","type":"page","link":"https:\/\/www.depotblog.de\/?page_id=4859","title":{"rendered":"wikifolio Saisonal"},"content":{"rendered":"\r\n<p><a href=\"https:\/\/www.wikifolio.com\/de\/de\/dashboard\" target=\"_blank\" rel=\"noopener noreferrer\">Wikifolio<\/a>, eine Social Investor Community, hat vielen Tradern die M\u00f6glichkeit verschafft in Zusammenarbeit mit der Wertpapierhandelsbank Lang &amp; Schwarz Indexzertifikate zu entwickeln, die eine Depotentwicklung ihrer Trader nachbilden. Auch an meinen Musterdepots bei Wikifolio l\u00e4sst sich partizipieren.<\/p>\r\n<h2 style=\"text-align: center;\"><a href=\"https:\/\/www.wikifolio.com\/de\/de\/w\/wflgebauer\" target=\"_blank\" rel=\"noopener\">wikifolio Depotblog.de Saisonal<\/a><\/h2>\r\n<p>&nbsp;<\/p>\r\n<p><a href=\"https:\/\/www.wikifolio.com\/de\/de\/w\/wflgebauer\" target=\"_blank\" rel=\"noopener\"><img fetchpriority=\"high\" decoding=\"async\" class=\"alignnone size-full wp-image-5145\" src=\"https:\/\/www.depotblog.de\/wp-content\/uploads\/2020\/12\/Wiki_Saisonal.png\" alt=\"\" width=\"1755\" height=\"1063\" srcset=\"https:\/\/www.depotblog.de\/wp-content\/uploads\/2020\/12\/Wiki_Saisonal.png 1755w, https:\/\/www.depotblog.de\/wp-content\/uploads\/2020\/12\/Wiki_Saisonal-300x182.png 300w, https:\/\/www.depotblog.de\/wp-content\/uploads\/2020\/12\/Wiki_Saisonal-700x424.png 700w, https:\/\/www.depotblog.de\/wp-content\/uploads\/2020\/12\/Wiki_Saisonal-768x465.png 768w, https:\/\/www.depotblog.de\/wp-content\/uploads\/2020\/12\/Wiki_Saisonal-1536x930.png 1536w, https:\/\/www.depotblog.de\/wp-content\/uploads\/2020\/12\/Wiki_Saisonal-750x454.png 750w\" sizes=\"(max-width: 1755px) 100vw, 1755px\" \/><\/a><\/p>\r\n<p>&nbsp;<\/p>\r\n<p><strong>1. F\u00fcr welchen Typ Anleger ist das wikifolio gedacht?<\/strong><\/p>\r\n<p>Jeder, der auch davon \u00fcberzeugt ist, dass beim Aktienhandel<\/p>\r\n<ul>\r\n<li>Market-Timing funktioniert<\/li>\r\n<li>Aktive Risiko-Begrenzung der wichtigste Eckpfeiler ist<\/li>\r\n<li>Aktienbewertung institutionellen Profis \u00fcberlassen werden sollte<\/li>\r\n<li>Aktienselektion, sowie Kauf- und Verkaufszeitpunkte<\/li>\r\n<li>Wachstumsstarke Unternehmen mehr Potential bieten als Large-Caps \/ Value-Titel<\/li>\r\n<li>Trend-Following Konzepte \u00fcberlegen sind<\/li>\r\n<\/ul>\r\n<p>Und grunds\u00e4tzlich jeder, der dazulernen will und einem erfahrenen Anleger virtuell &#8222;\u00fcber die Schulter schauen&#8220; m\u00f6chte<\/p>\r\n<p>&nbsp;<\/p>\r\n<p><strong>2. Welche Idee steckt hinter dem wkifolio &#8222;Depotblog.de Saisonal&#8220;?<\/strong><\/p>\r\n<p>Das Wikifolio saisonal basiert darauf, dass es an der B\u00f6rse saisonal starke Marktbedingungen und auch saisonal schwache Marktbedingungen gibt. Diese saisonalen Gesamtmarktrahmenbedingungen werden f\u00fcr die Investitionsentscheidungen beim Kauf und Verkauf von Aktien ber\u00fccksichtigt.<\/p>\r\n<p>&nbsp;<\/p>\r\n<p><strong>3. Wie unterscheidet sich dieses wikifolio im Vergleich zum wikifolio Nebenwerte Aktiv?<\/strong><\/p>\r\n<p>Dieses Wikifolio soll in stark wachsende US-Tech Konzerne investieren, die sich durch extremes Wachstum kennzeichnen. Es soll den fundamentalen Aspekt einer Aktie wesentlich st\u00e4rker ber\u00fccksichtigen. Das hat zur Folge, dass die Auswahl der f\u00fcr den Handel in Frage kommenden Aktien erheblich st\u00e4rker eingeschr\u00e4nkt ist, da nur mit den wachstumsst\u00e4rksten Aktien gehandelt werden soll. Die Grundlage f\u00fcr das Timing des Handelns dieser Aktien geschieht genau wie bei allen anderen meiner Wikifolios ausschlie\u00dflich auf chart- bzw. markttechnischen Signalen.<\/p>\r\n<p>&nbsp;<\/p>\r\n<p><strong>4. Worin liegt mein Handelsvorteil?<\/strong><\/p>\r\n<p>Der Vorteil meines Handelskonzeptes basiert auf selbst entwickelten Programmen, die Aktien identifizieren zu k\u00f6nnen, die aktuell von gro\u00dfen Institutionen akkumuliert werden.\u00a0<\/p>\r\n<p>In den gro\u00dfen Investmentfirmen arbeiten die hellsten K\u00f6pfe der Branche, sie besitzen die besten Informationen, Kontakte zum Management und viele andere Vorteile mehr. Allerdings haben sie\u00a0 einen riesen Nachteil: Sie sind langsam. Sie brauchen aufgrund ihrer Gr\u00f6\u00dfe teils mehrere Tage f\u00fcr den Kauf oder Verkauf und sie hinterlassen Spuren wenn sie aktiv sind. Diesen Nachteil mache ich mir zum Vorteil, weil ich mit meinem Volumen klein und unsichtbar bin und weil man mich nicht sehen kann wenn ich kaufe oder verkaufe. Im Gegensatz zur Institution kann ich aufgrund meines vergleichbar sehr keinen Volumens von einer Sekunde auf die andere entweder auf oder abspringen und meine Position aufl\u00f6sen.<\/p>\r\n<p>Ich reite also einen Nachfragetrend dieser von Institutionen akkumulierten Aktien und versuche den Trend so lange zu reiten, bis er sich aufl\u00f6st oder die Marktbedingungen sich negativ ver\u00e4ndern.<\/p>\r\n<p>&nbsp;<\/p>\r\n<p><strong>5. Was mache ich anders?<\/strong><\/p>\r\n<ul>\r\n<li>Ich interessiere mich f\u00fcr Aktien, die einen Nachfrage\u00fcberhang durch Institutionen haben.<\/li>\r\n<li>Ich interessiere mich nicht f\u00fcr die Gesch\u00e4ftsberichte der Unternehmen, wohl aber f\u00fcr die Interpretation dieser vom Markt.<\/li>\r\n<li>Ich interessiere mich f\u00fcr stark wachsende Unternehmen und kaufe diese bevorzugt. Die Aktie und der Gesch\u00e4ftsvorteil des Unternehmens interessiert mich so lange, bis ein Ereignis auftritt, welches dazu f\u00fchrt, dass der Gesamtmarkt die Aktie wieder negativ bewertet.<\/li>\r\n<li>Ich interessiere mich nicht f\u00fcr Prognosen oder langfristige Perspektiven von Unternehmen aufgrund von irgendwelchen Analysteneinsch\u00e4tzungen oder \u00e4hnlichem.<\/li>\r\n<li>Ich interessiere mich f\u00fcr dagegen f\u00fcr zweistelliges Wachstum von Ums\u00e4tzen, Gewinnen und Verk\u00e4ufen (Sales).<\/li>\r\n<li>Ich interessiere mich nicht f\u00fcr Indikatoren (RSI, MACD usw.) oder fundamentale Bewertungskennzahlen wie KGV (P\/E-Ratio), KBV oder \u00e4hnliche.<\/li>\r\n<li>Ich halte grunds\u00e4tzlich jede Aktie f\u00fcr schlecht und potentiell gef\u00e4hrlich . Sie ist wie eine hei\u00dfe Kartoffel, an der man sich schnell die H\u00e4nde verbrennen kann. Die Aktie ist nur so lange gut, wie sie steigt.<\/li>\r\n<li>Ich bin kein Langfristanleger aber auch kein Kurzfristanleger. Ich versuche Aktien zu kaufen, die gerade in Bewegung kommen und wei\u00df, dass ich die Bewegung m\u00f6glichst lange mitreiten muss.<\/li>\r\n<li>Ich bin Trend-Follower von stark wachsenden Unternehmen in wachsenden Trend-Segmenten.<\/li>\r\n<\/ul>\r\n<p>&nbsp;<\/p>\r\n<p><strong>6. Wann wird eine Aktie interessant f\u00fcr die Aufnahme ins wikifolio?<\/strong><\/p>\r\n<p>Ich halte Ausschau nach Aktien, die sich durch folgende Kriterien kennzeichnen:<\/p>\r\n<ol>\r\n<li>Es zeigt sich ein extrem hohes institutionelles Interesse<\/li>\r\n<li>Die Aktie besitzt sehr gute fundamentale Wachstumskennzahlen (EPS + Sales)<\/li>\r\n<li>Die Aktie kommt aus einer Konsolidierungsformation und\/oder generiert neue H\u00f6chstst\u00e4nde<\/li>\r\n<\/ol>\r\n<p>&nbsp;<\/p>\r\n<p><strong>7. Was f\u00fchrt zum Verkauf der Aktien im wikifolio saisonal?<\/strong><\/p>\r\n<p>Der Verkauf der Aktie hat i.d.R. folgende Gr\u00fcnde<\/p>\r\n<ul>\r\n<li>Sie entwickelt sich schwach im Vergleich zu anderen Werten im Depot. Ich verkaufe dann um Cash frei zu machen oder starke Aktien aufzustocken<\/li>\r\n<li>Das Unternehmen pr\u00e4sentiert Quartalszahlen, die vom Markt als schwach aufgefasst werden<\/li>\r\n<li>Der Aktienkurs durchbricht Unterst\u00fctzungspunkte(\/-kurse) unter hohem Volumen.<\/li>\r\n<li>Der Markt korrigiert.<\/li>\r\n<li>Gewinnmitnahme um Cash frei zu machen.<\/li>\r\n<\/ul>\r\n<p><strong>\u00dcberzeugt?<\/strong><\/p>\r\n<p><a href=\"https:\/\/www.wikifolio.com\/de\/de\/w\/wflgebauer\" target=\"_blank\" rel=\"noopener\">Informiert Euch \u00fcber das Wikifolio beim Anbieter<\/a> und bitte beachtet mein <a href=\"https:\/\/www.depotblog.de\/eine-seite\/\">Impressum <\/a>und den <a href=\"https:\/\/www.depotblog.de\/disclaimer\/\">Disclamer<\/a><\/p>\r\n<p>&nbsp;<\/p>\r\n<hr \/>\r\n<p><strong>Haftungsausschuss, w<\/strong><strong>ichtiger\u00a0Hinweis nach \u00a734 WPHG zur Vermeidung von Interessenskonflikten<\/strong>:<\/p>\r\n<p>Der Autor handelt regelm\u00e4\u00dfig mit den Aktien und Derivaten, die hier im Blog besprochen werden. Das Depot wird mit realem Geld gef\u00fchrt. Ich m\u00f6chte ausdr\u00fccklich darauf hinweisen, dass alle hier besprochenen Anlagem\u00f6glichkeiten ausdr\u00fccklich keine Anlageempfehlung oder -aufforderung darstellen sondern lediglich zu Lern- und Informationszwecken dienen.<\/p>\r\n<p>Ich \u00fcbernehme keine Haftung f\u00fcr alle hier bereitgestellten Informationen. Sie stellen in keiner Weise einen Aufruf zur individuellen oder allgemeinen Nachbildung, auch nicht stillschweigend, dar. Handelsanregungen\u00a0oder anderweitige Informationen stellen keine Aufforderung zum Kauf oder Verkauf von Wertpapieren oder anderen Finanzprodukten dar. Eine Haftung f\u00fcr mittelbare und unmittelbare Folgen der ver\u00f6ffentlichen Inhalte ist ausgeschlossen.<\/p>\r\n","protected":false},"excerpt":{"rendered":"<p>Wikifolio, eine Social Investor Community, hat vielen Tradern die M\u00f6glichkeit verschafft in Zusammenarbeit mit der Wertpapierhandelsbank Lang &amp; Schwarz Indexzertifikate zu entwickeln, die eine Depotentwicklung ihrer Trader nachbilden. Auch an meinen Musterdepots bei Wikifolio l\u00e4sst sich partizipieren. wikifolio Depotblog.de Saisonal &nbsp; &nbsp; 1. F\u00fcr welchen Typ Anleger ist das wikifolio gedacht? Jeder, der auch davon \u00fcberzeugt ist, dass beim Aktienhandel Market-Timing funktioniert Aktive Risiko-Begrenzung der wichtigste Eckpfeiler ist Aktienbewertung institutionellen Profis \u00fcberlassen werden sollte Aktienselektion, <a class=\"more-link\" href=\"https:\/\/www.depotblog.de\/?page_id=4859\">Read More &#8230;<\/a><\/p>\n","protected":false},"author":1,"featured_media":0,"parent":0,"menu_order":0,"comment_status":"closed","ping_status":"closed","template":"","meta":{"footnotes":""},"class_list":["post-4859","page","type-page","status-publish","hentry"],"aioseo_notices":[],"_links":{"self":[{"href":"https:\/\/www.depotblog.de\/index.php?rest_route=\/wp\/v2\/pages\/4859","targetHints":{"allow":["GET"]}}],"collection":[{"href":"https:\/\/www.depotblog.de\/index.php?rest_route=\/wp\/v2\/pages"}],"about":[{"href":"https:\/\/www.depotblog.de\/index.php?rest_route=\/wp\/v2\/types\/page"}],"author":[{"embeddable":true,"href":"https:\/\/www.depotblog.de\/index.php?rest_route=\/wp\/v2\/users\/1"}],"replies":[{"embeddable":true,"href":"https:\/\/www.depotblog.de\/index.php?rest_route=%2Fwp%2Fv2%2Fcomments&post=4859"}],"version-history":[{"count":25,"href":"https:\/\/www.depotblog.de\/index.php?rest_route=\/wp\/v2\/pages\/4859\/revisions"}],"predecessor-version":[{"id":5174,"href":"https:\/\/www.depotblog.de\/index.php?rest_route=\/wp\/v2\/pages\/4859\/revisions\/5174"}],"wp:attachment":[{"href":"https:\/\/www.depotblog.de\/index.php?rest_route=%2Fwp%2Fv2%2Fmedia&parent=4859"}],"curies":[{"name":"wp","href":"https:\/\/api.w.org\/{rel}","templated":true}]}}